{"id":85,"date":"2020-12-03T18:59:36","date_gmt":"2020-12-03T17:59:36","guid":{"rendered":"https:\/\/www.profiliplasticariciclata.com\/?page_id=85"},"modified":"2023-10-22T22:43:41","modified_gmt":"2023-10-22T20:43:41","slug":"the-strongplast","status":"publish","type":"page","link":"https:\/\/www.profiliplasticariciclata.com\/?page_id=85","title":{"rendered":"The StrongPlast\u00ae"},"content":{"rendered":"<div align=\"left\"><strong>STRONGPLAST &#8211; PLATICA RICICLATA PLASTMIX\u00a0&#8211;\u00a0<\/strong>\u00a0\u00e8 uno dei risultati dell&#8217;attivit\u00e0 di selezione e riciclaggio delle raccolte differenziate multi materiale, provenienti dalle aziende di servizi che svolgono tale attivit\u00e0.<\/div>\n<div align=\"left\">\nIl risultato sono profilati in STRONGPLAST\u00a0Colorazione e sezione dei profili :<br \/>\nLa sezione pu essere circolare, rettangolare, quadrata.<br \/>\nI profili si lavorano come il legno.<br \/>\nI campi di applicazione della lavorazione di tali profili sono ampi, ovvero tutte quelle applicazioniper esterno in cui oggi viene impiegato il legno, questo grazie alle particolari caratteristiche chimico fisiche che lo rendono resistente ( per propria natura ) agli agenti atmosferici ed agli ambienti aggressivi.<br \/>\nIl profilo del materiale, strutturato, ove occorra, con armature in acciaio zincato, per Strutturato si intende che l&#8217;armatura viene co-estrusa e quindi a essere corpo unico con la plastica per garantire la massima durata e l&#8217;inattaccabilit\u00e0 da parte degli agenti atmosferici.<\/div>\n<div align=\"left\">\nLa colorazione del materiale \u00e8 realizzata durante l&#8217;operazione di estrusione, in modo che i profilati risultino colorati omogeneamente anche all&#8217;interno.<br \/>\nDato che la pigmentazione in fase di estrusione viene realizzata con una miscela di cui il colore base \u00e8 il grigio, si possono ottenere colori e tonalit\u00e0 vincolate al grigio di partenza, ma comunque colori molto caldi quali ilverde, il marrone, l&#8217;azzurro, il giallo, perfettamente integrati con l&#8217;Ambiente circostante, perch\u00e8 suoi stessi colori. Con essi si produce:<br \/>\n&#8211; Arredi per esterni destinati alle pubbliche amministrazioni ed ai privati (panchine, fioriere, recinzioni, gazebo, etc.) .<br \/>\n&#8211; Isole ecologiche per la raccolta differenziata.<br \/>\n&#8211; Parchi gioco per bambini. Il materiale vede la presenza del 95% di plastiche eterogenee provenienti dalle raccolte differenziate dei rifiuti solidi urbani.<br \/>\nEsso \u00e8 un materiale riciclato al 100%.<br \/>\nIl materiale \u00e8 costituito da plastiche derivate da contenitori quali sacchetti, piatti e bicchieri usa e getta, retine per frutta, vasetti deglii yogurt etc..<br \/>\nI profilati in STRONGPLAST\u00a0vengono realizzati con un processo industriale che prevede la selezione, il lavaggio, la triturazione la densificazione ed infine l&#8217;estrusione con macchine speciali.<br \/>\nIl materiale garantisce una durata illimitata con assenza di manutenzione, fatto salvo il controllo periodico per atti vandalici e\/o manomissioni.<br \/>\nSia il materiale che i particolari costruttivi hanno la massima solidit\u00e0 e sicurezza.<br \/>\nSTRONGPLAST\u00a0\u00e8 una delle poche sostanze inattaccabile persino da sostanze chimiche corrosive.<br \/>\nLa totale assenza di manutenzione, la costanza di colore nel tempo, la sua ottima resistenza alla chiodatura, sono caratteristiche irrinunciabili del manufatto costruito in STRONGPLAST. Caratteristiche chimico fisiche:<br \/>\nAvendo il materiale in STRONGPLAST\u00a0un tasso di assorbimento dell&#8217;acqua inferiore al 0.1% e un peso specifico intorno all&#8217;1% esso galleggia in acqua e continuer\u00e0 a galleggiare per un tempo illimitato, mentre il legno, avendo un tasso di assorbimento maggiore (intorno al 29%) \u00e8 destinato ad affondare nel tempo.<br \/>\nIl grado di deterioramento ai raggi ultravioletti per STRONGPLAST\u00a0\u00e8 praticamente insignificante, soddisfa i requisiti per 1000 ore di Xenotest.<br \/>\nSTRONGPLAST\u00a0essendo sensibile alle variazioni termiche oltre i 50\u00b0C, pu\u00f2 essere considerata anche un ottimo isolante termico, inoltre grazie al suo potere insonorizzante non risuona sotto l&#8217;effetto della pioggia o della grandine.<br \/>\nInfine, non contiene sostanze nocive e offre un notevole contributo alla tutela dell&#8217;ambiente perch\u00e8 riciclabile al 100%.<\/div>\n<div align=\"left\"><\/div>\n<div align=\"left\">Il materiale \u00e8 costituito dal 100% di plastica di alta qualit\u00e0 proveniente principalmente dal riciclo\u00a0ell\u2019 alimentare e del packaging.<br \/>\nComposizione: Il materiale \u00e8 composto in percentuali simili da Polietilene a bassa densit\u00e0 (LDPE), Polietilene ad alta densit\u00e0 (HDPE) e Polipropilene (PP).<br \/>\nProcesso di Produzione: Le differenti plastiche sono macinate, miscelate e fuse insieme ad alta\u00a0temperatura e pressate negli stampi. Il materiale inoltre \u00e8 colorato in massa per ottenere un colore omogeneo.<br \/>\nFinitura: La superficie \u00e8 priva di bolle e uniformemente colorata e leggermente brillante Colori disponibili: Marrone, Verde, Grigio<\/div>\n<div align=\"left\">\nE&#8217; inattaccabile dalle muffe e dai batteri ed \u00e8 resistente all&#8217;urto.<\/div>\n<div align=\"left\"><\/div>\n<div align=\"left\">Prove di rilascio hanno dimostrato che il valore di migrazione \u00e8 conforme alle disposizioni prescritte dall&#8217;art. 5 titolo 1 del D.M. 21\/03\/73 e succ. mod.<br \/>\nLegislazione in merito alla produzione di prodotti derivanti da raccolta differenziata<br \/>\nEstratto dal :<br \/>\nDecreto Legislativo 5 febbraio 1997, n. 22 &#8220;Attuazione delle direttive 91\/156\/CEE sui rifiuti, 91\/689\/CEE sui rifiuti pericolosi e 94\/62\/CE sugli imballaggi e sui rifiuti di imballaggio&#8221;.<br \/>\nGazzetta Ufficiale N. 180 del 05 Agosto 2003 MINISTERO DELL&#8217;AMBIENTE E DELLA TUTELA DEL TERRITORIO DECRETO 8 maggio 2003, n 203.<\/div>\n<div align=\"left\">Prodotti conformi al Decreto CAM 5 febbraio 2015\u00a0\u201cCriteri ambientali minimi per l\u2019acquisto di articoli per l\u2019arredo urbano\u201d Pubblicato sulla G.U. del 02\/03\/2015<br \/>\nArredi e plastiche certificati PSV plastica seconda vita da raccolta differenziata<br \/>\nSistema di certificazione ambientale di prodotto dedicata ai materiali ed ai manufatti ottenuti dalla valorizzazione dei rifiuti plastici. Primo marchio Italiano ed Europeo dedicato alla plastica riciclata, introduce il concetto di rintracciabilit\u00e0 dei materiali riciclati.<\/div>\n<div align=\"left\"><\/div>\n<div align=\"left\"><\/div>\n<div align=\"left\"><strong>CARATTERISTICHE TECNICHE : \u00a0<\/strong><\/div>\n<div align=\"left\">\n<table border=\"1\">\n<tbody>\n<tr>\n<td><strong>CARATTERISTICHE<\/strong><b>\u00a0MECCANICHE<\/b><\/td>\n<td><strong>STANDARD<\/strong><\/td>\n<td><strong>UNITA&#8217;<\/strong><\/td>\n<td><strong>VALORE<\/strong><\/td>\n<\/tr>\n<tr>\n<td>Indice di fusione : MVI 230\/2.16<\/td>\n<td>DIN 53735<\/td>\n<td>cm3\/10 min<\/td>\n<td>1,3<\/td>\n<\/tr>\n<tr>\n<td>Tensione di snervamento<\/td>\n<td>IN 53455<\/td>\n<td>N \/ mm2<\/td>\n<td>14,2<\/td>\n<\/tr>\n<tr>\n<td>Resistenza pensionale alla rottura<\/td>\n<td>DIN 53455<\/td>\n<td>N\/ mm2<\/td>\n<td>11,8<\/td>\n<\/tr>\n<tr>\n<td>Allungamento al punto rottura<\/td>\n<td>DIN 53455<\/td>\n<td>%<\/td>\n<td>20,7<\/td>\n<\/tr>\n<tr>\n<td>Modulo di Elasticit\u00e0 (pensionale)<\/td>\n<td>DIN 53457<\/td>\n<td>N\/ mm2<\/td>\n<td>933<\/td>\n<\/tr>\n<tr>\n<td>Modulo di elasticit\u00e0 (flessionale)<\/td>\n<td>DIN 53457<\/td>\n<td>N\/ mm2<\/td>\n<td>811<\/td>\n<\/tr>\n<tr>\n<td>Stabilit\u00e0 della forma di riscaldamento<\/td>\n<td><\/td>\n<td><\/td>\n<td><\/td>\n<\/tr>\n<tr>\n<td><\/td>\n<td>DIN 53461<\/td>\n<td>\u00b0C<\/td>\n<td>50,6<\/td>\n<\/tr>\n<tr>\n<td><\/td>\n<td>DIN 53461<\/td>\n<td>\u00b0C<\/td>\n<td>68,7<\/td>\n<\/tr>\n<tr>\n<td>Resistenza all&#8217;urto<\/td>\n<td><\/td>\n<td><\/td>\n<td><\/td>\n<\/tr>\n<tr>\n<td><\/td>\n<td>-23 \u00b0C<\/td>\n<td>ISO 179\/1eA<\/td>\n<td>7,3 KJ\/m2<\/td>\n<\/tr>\n<tr>\n<td><\/td>\n<td>0<\/td>\n<td>ISO 179\/1eA<\/td>\n<td>4,9 KJ\/m2<\/td>\n<\/tr>\n<tr>\n<td><\/td>\n<td>+30 \u00b0C<\/td>\n<td>ISO 179\/1eA<\/td>\n<td>3,7 KJ\/m2<\/td>\n<\/tr>\n<tr>\n<td>Durezza Rockwell<\/td>\n<td>ASTM D 785<\/td>\n<td><\/td>\n<td>3,7<\/td>\n<\/tr>\n<\/tbody>\n<\/table>\n<p>Propriet\u00e0:<br \/>\n-privo di manutenzione<br \/>\n-resistente alle intemperie<br \/>\n-duraturo<br \/>\n-imputrescibile<br \/>\n-pu\u00f2 essere lavorato come il legno -Ecososenibile<br \/>\n-Privo di schegge -100% riciclabile<br \/>\n-reisitente al gelo -isolante termicamente ed acusticamente<br \/>\n-Insensibile ai funghi e agli insetti -resistente a gli urti e flessibile<br \/>\n-non rilascia sostanze nell\u2019ambiente<br \/>\nTolleranze di Produzione: I prodotti costituiti da plastica riciclata possono avere tolleranze nelle misure fino al 3%.<br \/>\nCaratteristiche:<br \/>\nDensit\u00e0: 0,958 Kg\/dm3<br \/>\nCoefficiente di Dilatazione Lineare 0,15-0,20 mm\/m\/\u00b0C<br \/>\nAssorbimento di Acqua meno di 0,1%\u00a0 Valore di Pull Out 7000 N\u00a0(vite da legno zincata 100&#215;5, 50 mm\/min)<br \/>\nValore di Pull Out 3720 N\u00a0(vite da legno zincata 200&#215;5, 50 mm\/min)<br \/>\nResistenza agli agenti Chimici (contatto per 36h alla temperatura di 21\u00b0C)<br \/>\nAcetone nessun danneggiamento<br \/>\nMetil Etil Chetone (MEK) nessun danneggiamento<br \/>\nAlcool Metilico nessun danneggiamento<br \/>\nTricloro Etilene leggero danneggiamento<br \/>\nGrasso nessun danneggiamento<br \/>\nGlicerina nessun danneggiamento<br \/>\nAcido Cloridrico HCl 37% leggero danneggiamento<br \/>\nH2O domestica nessun danneggiamento<br \/>\nCloruro di metilene leggero danneggiamento<br \/>\nSpirito bianco nessun danneggiamento<br \/>\nAcido nitrico HNO3 al 69% leggero danneggiamento<\/p><\/div>\n","protected":false},"excerpt":{"rendered":"<p>STRONGPLAST &#8211; PLATICA RICICLATA PLASTMIX\u00a0&#8211;\u00a0\u00a0\u00e8 uno dei risultati dell&#8217;attivit\u00e0 di selezione e riciclaggio delle raccolte differenziate multi materiale, provenienti dalle aziende di servizi che svolgono tale attivit\u00e0. Il risultato sono profilati in STRONGPLAST\u00a0Colorazione e sezione dei profili : La sezione pu essere circolare, rettangolare, quadrata. I profili si lavorano come il legno. I campi di [&hellip;]<\/p>\n","protected":false},"author":1,"featured_media":0,"parent":0,"menu_order":0,"comment_status":"closed","ping_status":"closed","template":"","meta":{"footnotes":""},"_links":{"self":[{"href":"https:\/\/www.profiliplasticariciclata.com\/index.php?rest_route=\/wp\/v2\/pages\/85"}],"collection":[{"href":"https:\/\/www.profiliplasticariciclata.com\/index.php?rest_route=\/wp\/v2\/pages"}],"about":[{"href":"https:\/\/www.profiliplasticariciclata.com\/index.php?rest_route=\/wp\/v2\/types\/page"}],"author":[{"embeddable":true,"href":"https:\/\/www.profiliplasticariciclata.com\/index.php?rest_route=\/wp\/v2\/users\/1"}],"replies":[{"embeddable":true,"href":"https:\/\/www.profiliplasticariciclata.com\/index.php?rest_route=%2Fwp%2Fv2%2Fcomments&post=85"}],"version-history":[{"count":2,"href":"https:\/\/www.profiliplasticariciclata.com\/index.php?rest_route=\/wp\/v2\/pages\/85\/revisions"}],"predecessor-version":[{"id":102,"href":"https:\/\/www.profiliplasticariciclata.com\/index.php?rest_route=\/wp\/v2\/pages\/85\/revisions\/102"}],"wp:attachment":[{"href":"https:\/\/www.profiliplasticariciclata.com\/index.php?rest_route=%2Fwp%2Fv2%2Fmedia&parent=85"}],"curies":[{"name":"wp","href":"https:\/\/api.w.org\/{rel}","templated":true}]}}